{"id":7,"date":"2023-12-10T10:51:08","date_gmt":"2023-12-10T13:51:08","guid":{"rendered":"https:\/\/barbeariaclubrj.com.br\/?page_id=7"},"modified":"2024-01-16T16:41:57","modified_gmt":"2024-01-16T19:41:57","slug":"home","status":"publish","type":"page","link":"https:\/\/barbeariaclubrj.com.br\/","title":{"rendered":"Home"},"content":{"rendered":"\n<div class=\"wp-block-uagb-container uagb-block-5d03222e alignfull uagb-is-root-container\">\n<div class=\"wp-block-uagb-container uagb-block-efaad895\">\n<div class=\"wp-block-uagb-container uagb-block-0a07eee5\">\n<div class=\"wp-block-uagb-info-box uagb-block-a93575d7 uagb-infobox__content-wrap  uagb-infobox-icon-above-title uagb-infobox-image-valign-top\"><div class=\"uagb-ifb-content\"><div class=\"uagb-ifb-title-wrap\"><h1 class=\"uagb-ifb-title\">Seu sucesso come\u00e7a com um bom corte<\/h1><\/div><p class=\"uagb-ifb-desc\">N\u00e3o perca mais tempo procurando o melhor visual. Junte-se ao Club de Assinatura Mensal e transforme sua apar\u00eancia sempre que a inspira\u00e7\u00e3o surgir.<\/p><div class=\"uagb-ifb-button-wrapper wp-block-button\"><a href=\"#club\" class=\"uagb-infobox-cta-link wp-block-button__link\" target=\"_self\" rel=\"noopener noreferrer\" onclick=\"return true;\" alt=\"\"><span class=\"uagb-inline-editing\">Saiba mais<\/span><\/a><\/div><\/div><\/div>\n<\/div>\n\n\n\n<div class=\"wp-block-uagb-container uagb-block-d83a6050\"><\/div>\n<\/div>\n<\/div>\n\n\n\n<div id=\"club\" class=\"wp-block-uagb-container uagb-block-76a3630d alignfull uagb-is-root-container\">\n<div class=\"wp-block-columns is-layout-flex wp-container-core-columns-is-layout-28f84493 wp-block-columns-is-layout-flex\">\n<div class=\"wp-block-column is-vertically-aligned-top is-layout-flow wp-block-column-is-layout-flow\" style=\"flex-basis:100%\">\n<div class=\"wp-block-uagb-container uagb-block-22c88052\">\n<div class=\"wp-block-uagb-info-box uagb-block-d875f63d uagb-infobox__content-wrap  uagb-infobox-icon-below-title uagb-infobox-image-valign-top\"><div class=\"uagb-ifb-content\"><div class=\"uagb-ifb-title-wrap\"><h3 class=\"uagb-ifb-title\">Nosso Clube de Assinatura<\/h3><\/div><div class=\"uagb-ifb-image-content\"><img decoding=\"async\" src=\"http:\/\/barbeariaclubrj.com.br\/wp-content\/uploads\/2023\/12\/bigode.png\" alt=\"bigode estilizado para decoracao\" width=\"240\" height=\"21\" loading=\"lazy\"\/><\/div><\/div><\/div>\n\n\n\n<p>Desperte a sua melhor vers\u00e3o com o exclusivo Clube de Assinatura Mensal, onde a excel\u00eancia no cuidado pessoal encontra a sofistica\u00e7\u00e3o no estilo. Por um pre\u00e7o fixo irresist\u00edvel, voc\u00ea ter\u00e1 acesso a uma experi\u00eancia \u00fanica e ilimitada de cuidados, redefinindo o significado de se sentir impec\u00e1vel.<\/p>\n\n\n\n<div class=\"wp-block-uagb-advanced-heading uagb-block-5ba156a2\"><h3 class=\"uagb-heading-text\">O que est\u00e1 inclu\u00eddo:<\/h3><\/div>\n\n\n\n<p style=\"margin-top:0;margin-bottom:0\"><br><strong>Cortes de Cabelo Ilimitados: <\/strong>Transforme-se sempre que desejar, com cortes que refletem a sua personalidade e ressaltam a sua beleza \u00fanica.<br><br><strong>Barba Impec\u00e1vel, Sem Limites: <\/strong>Deixe nossos especialistas esculpirem a barba perfeita, proporcionando uma apar\u00eancia polida e masculina.<br><br><strong>Descontos Exclusivos em Produtos e Servi\u00e7os: <\/strong>Aproveite um desconto de 10% em todos os produtos e servi\u00e7os, garantindo que voc\u00ea esteja sempre em sintonia com as \u00faltimas tend\u00eancias.<br><\/p>\n\n\n\n<p class=\"has-text-align-center\" style=\"margin-top:var(--wp--preset--spacing--50);margin-bottom:var(--wp--preset--spacing--50)\"><strong>Seja a Sua Melhor Vers\u00e3o. Junte-se ao Clube de Assinatura Mensal da nossa barbearia Agora!<\/strong><\/p>\n\n\n\n<div class=\"wp-block-uagb-info-box uagb-block-67f9c83b uagb-infobox__content-wrap  uagb-infobox-icon-above-title uagb-infobox-image-valign-top\"><div class=\"uagb-ifb-content\"><div class=\"uagb-ifb-title-wrap\"><\/div><div class=\"uagb-ifb-button-wrapper wp-block-button\"><a href=\"#unidades\" class=\"uagb-infobox-cta-link wp-block-button__link\" target=\"_self\" rel=\"noopener noreferrer\" onclick=\"return true;\" alt=\"\"><span class=\"uagb-inline-editing\">Clique aqui e escolha uma de nossas unidades<\/span><\/a><\/div><\/div><\/div>\n<\/div>\n<\/div>\n<\/div>\n\n\n\n<div class=\"wp-block-uagb-container uagb-block-a11d3f08\">\n<div class=\"wp-block-columns alignfull are-vertically-aligned-center is-layout-flex wp-container-core-columns-is-layout-28f84493 wp-block-columns-is-layout-flex\">\n<div class=\"wp-block-column is-vertically-aligned-center is-layout-flow wp-block-column-is-layout-flow\" style=\"flex-basis:100%\">\n<figure class=\"wp-block-gallery has-nested-images columns-default is-cropped wp-block-gallery-1 is-layout-flex wp-block-gallery-is-layout-flex\">\n<figure class=\"wp-block-image size-large has-custom-border is-style-rounded\"><img loading=\"lazy\" decoding=\"async\" width=\"544\" height=\"1024\" data-id=\"116\" src=\"https:\/\/barbeariaclubrj.com.br\/wp-content\/uploads\/2023\/12\/img01-544x1024.jpg\" alt=\"Barbeiro fazendo a barba de um cliente\" class=\"wp-image-116\" style=\"border-radius:10px\" srcset=\"https:\/\/barbeariaclubrj.com.br\/wp-content\/uploads\/2023\/12\/img01-544x1024.jpg 544w, https:\/\/barbeariaclubrj.com.br\/wp-content\/uploads\/2023\/12\/img01-159x300.jpg 159w, https:\/\/barbeariaclubrj.com.br\/wp-content\/uploads\/2023\/12\/img01.jpg 720w\" sizes=\"auto, (max-width: 544px) 100vw, 544px\" \/><\/figure>\n<\/figure>\n<\/div>\n<\/div>\n<\/div>\n<\/div>\n\n\n\n<div class=\"wp-block-uagb-container uagb-block-26733b4e alignfull uagb-is-root-container\">\n<div class=\"wp-block-uagb-info-box uagb-block-ff58adef uagb-infobox__content-wrap  uagb-infobox-icon-below-title uagb-infobox-image-valign-top\"><div class=\"uagb-ifb-content\"><div class=\"uagb-ifb-title-wrap\"><h3 class=\"uagb-ifb-title\">Galeria<\/h3><\/div><div class=\"uagb-ifb-image-content\"><img decoding=\"async\" src=\"http:\/\/barbeariaclubrj.com.br\/wp-content\/uploads\/2023\/12\/bigode.png\" alt=\"bigode estilizado para decoracao\" width=\"260\" height=\"23\" loading=\"lazy\"\/><\/div><\/div><\/div>\n\n\n\t\t\t\t\t<div\n\t\t\t\t\t\tclass=\"wp-block-uagb-image-gallery uagb-block-9aa04318     \"\n\t\t\t\t\t\tstyle=\"\"\n\t\t\t\t\t>\n\t\t\t\t\t\t\t\t\t\t\t<div class=\"spectra-image-gallery spectra-image-gallery__layout--carousel\">\n\t\t\t\t\t\t\t\t<div class=\"uagb-slick-carousel uagb-block-9aa04318\">\n\t\t\t\t\t\t\t\t\t\t\t\t<div class='spectra-image-gallery__media-wrapper' data-spectra-gallery-image-id='162'>\n\t\t\t\t\t\t\t<div class=\"spectra-image-gallery__media spectra-image-gallery__media--carousel\">\n\t\t\t\t<picture>\n\t\t\t\t\t<source media=\"(min-width: 1024px)\" srcset=\"http:\/\/barbeariaclubrj.com.br\/wp-content\/uploads\/2023\/12\/galeria01-787x1024.jpg\">\n\t\t\t\t\t<source media=\"(min-width: 768px)\" srcset=\"http:\/\/barbeariaclubrj.com.br\/wp-content\/uploads\/2023\/12\/galeria01-787x1024.jpg\">\n\t\t\t\t\t<img decoding=\"async\" class=\"spectra-image-gallery__media-thumbnail spectra-image-gallery__media-thumbnail--carousel\" src=\"http:\/\/barbeariaclubrj.com.br\/wp-content\/uploads\/2023\/12\/galeria01.jpg\" alt=\"\" loading=\"lazy\" \/>\n\t\t\t\t<\/picture>\n\t\t\t\t<div class=\"spectra-image-gallery__media-thumbnail-blurrer\"><\/div>\n\t\t\t\t\t\t\t\t\t\t\t<div class=\"spectra-image-gallery__media-thumbnail-caption-wrapper spectra-image-gallery__media-thumbnail-caption-wrapper--overlay\"><\/div>\n\t\t\t\t\t\t\t\t<\/div>\n\t\t\t\t\t\t<\/div>\n\t\t\t\t\t\t<div class='spectra-image-gallery__media-wrapper' data-spectra-gallery-image-id='163'>\n\t\t\t\t\t\t\t<div class=\"spectra-image-gallery__media spectra-image-gallery__media--carousel\">\n\t\t\t\t<picture>\n\t\t\t\t\t<source media=\"(min-width: 1024px)\" srcset=\"http:\/\/barbeariaclubrj.com.br\/wp-content\/uploads\/2023\/12\/galeria02-768x1024.jpeg\">\n\t\t\t\t\t<source media=\"(min-width: 768px)\" srcset=\"http:\/\/barbeariaclubrj.com.br\/wp-content\/uploads\/2023\/12\/galeria02-768x1024.jpeg\">\n\t\t\t\t\t<img decoding=\"async\" class=\"spectra-image-gallery__media-thumbnail spectra-image-gallery__media-thumbnail--carousel\" src=\"http:\/\/barbeariaclubrj.com.br\/wp-content\/uploads\/2023\/12\/galeria02.jpeg\" alt=\"\" loading=\"lazy\" \/>\n\t\t\t\t<\/picture>\n\t\t\t\t<div class=\"spectra-image-gallery__media-thumbnail-blurrer\"><\/div>\n\t\t\t\t\t\t\t\t\t\t\t<div class=\"spectra-image-gallery__media-thumbnail-caption-wrapper spectra-image-gallery__media-thumbnail-caption-wrapper--overlay\"><\/div>\n\t\t\t\t\t\t\t\t<\/div>\n\t\t\t\t\t\t<\/div>\n\t\t\t\t\t\t<div class='spectra-image-gallery__media-wrapper' data-spectra-gallery-image-id='164'>\n\t\t\t\t\t\t\t<div class=\"spectra-image-gallery__media spectra-image-gallery__media--carousel\">\n\t\t\t\t<picture>\n\t\t\t\t\t<source media=\"(min-width: 1024px)\" srcset=\"http:\/\/barbeariaclubrj.com.br\/wp-content\/uploads\/2023\/12\/galeria03-679x1024.jpeg\">\n\t\t\t\t\t<source media=\"(min-width: 768px)\" srcset=\"http:\/\/barbeariaclubrj.com.br\/wp-content\/uploads\/2023\/12\/galeria03-679x1024.jpeg\">\n\t\t\t\t\t<img decoding=\"async\" class=\"spectra-image-gallery__media-thumbnail spectra-image-gallery__media-thumbnail--carousel\" src=\"http:\/\/barbeariaclubrj.com.br\/wp-content\/uploads\/2023\/12\/galeria03.jpeg\" alt=\"\" loading=\"lazy\" \/>\n\t\t\t\t<\/picture>\n\t\t\t\t<div class=\"spectra-image-gallery__media-thumbnail-blurrer\"><\/div>\n\t\t\t\t\t\t\t\t\t\t\t<div class=\"spectra-image-gallery__media-thumbnail-caption-wrapper spectra-image-gallery__media-thumbnail-caption-wrapper--overlay\"><\/div>\n\t\t\t\t\t\t\t\t<\/div>\n\t\t\t\t\t\t<\/div>\n\t\t\t\t\t\t<div class='spectra-image-gallery__media-wrapper' data-spectra-gallery-image-id='165'>\n\t\t\t\t\t\t\t<div class=\"spectra-image-gallery__media spectra-image-gallery__media--carousel\">\n\t\t\t\t<picture>\n\t\t\t\t\t<source media=\"(min-width: 1024px)\" srcset=\"http:\/\/barbeariaclubrj.com.br\/wp-content\/uploads\/2023\/12\/galeria04-819x1024.jpeg\">\n\t\t\t\t\t<source media=\"(min-width: 768px)\" srcset=\"http:\/\/barbeariaclubrj.com.br\/wp-content\/uploads\/2023\/12\/galeria04-819x1024.jpeg\">\n\t\t\t\t\t<img decoding=\"async\" class=\"spectra-image-gallery__media-thumbnail spectra-image-gallery__media-thumbnail--carousel\" src=\"http:\/\/barbeariaclubrj.com.br\/wp-content\/uploads\/2023\/12\/galeria04.jpeg\" alt=\"\" loading=\"lazy\" \/>\n\t\t\t\t<\/picture>\n\t\t\t\t<div class=\"spectra-image-gallery__media-thumbnail-blurrer\"><\/div>\n\t\t\t\t\t\t\t\t\t\t\t<div class=\"spectra-image-gallery__media-thumbnail-caption-wrapper spectra-image-gallery__media-thumbnail-caption-wrapper--overlay\"><\/div>\n\t\t\t\t\t\t\t\t<\/div>\n\t\t\t\t\t\t<\/div>\n\t\t\t\t\t\t<div class='spectra-image-gallery__media-wrapper' data-spectra-gallery-image-id='166'>\n\t\t\t\t\t\t\t<div class=\"spectra-image-gallery__media spectra-image-gallery__media--carousel\">\n\t\t\t\t<picture>\n\t\t\t\t\t<source media=\"(min-width: 1024px)\" srcset=\"http:\/\/barbeariaclubrj.com.br\/wp-content\/uploads\/2023\/12\/galeria05-768x1024.jpeg\">\n\t\t\t\t\t<source media=\"(min-width: 768px)\" srcset=\"http:\/\/barbeariaclubrj.com.br\/wp-content\/uploads\/2023\/12\/galeria05-768x1024.jpeg\">\n\t\t\t\t\t<img decoding=\"async\" class=\"spectra-image-gallery__media-thumbnail spectra-image-gallery__media-thumbnail--carousel\" src=\"http:\/\/barbeariaclubrj.com.br\/wp-content\/uploads\/2023\/12\/galeria05.jpeg\" alt=\"\" loading=\"lazy\" \/>\n\t\t\t\t<\/picture>\n\t\t\t\t<div class=\"spectra-image-gallery__media-thumbnail-blurrer\"><\/div>\n\t\t\t\t\t\t\t\t\t\t\t<div class=\"spectra-image-gallery__media-thumbnail-caption-wrapper spectra-image-gallery__media-thumbnail-caption-wrapper--overlay\"><\/div>\n\t\t\t\t\t\t\t\t<\/div>\n\t\t\t\t\t\t<\/div>\n\t\t\t\t\t\t<div class='spectra-image-gallery__media-wrapper' data-spectra-gallery-image-id='167'>\n\t\t\t\t\t\t\t<div class=\"spectra-image-gallery__media spectra-image-gallery__media--carousel\">\n\t\t\t\t<picture>\n\t\t\t\t\t<source media=\"(min-width: 1024px)\" srcset=\"http:\/\/barbeariaclubrj.com.br\/wp-content\/uploads\/2023\/12\/galeria06-768x1024.jpeg\">\n\t\t\t\t\t<source media=\"(min-width: 768px)\" srcset=\"http:\/\/barbeariaclubrj.com.br\/wp-content\/uploads\/2023\/12\/galeria06-768x1024.jpeg\">\n\t\t\t\t\t<img decoding=\"async\" class=\"spectra-image-gallery__media-thumbnail spectra-image-gallery__media-thumbnail--carousel\" src=\"http:\/\/barbeariaclubrj.com.br\/wp-content\/uploads\/2023\/12\/galeria06.jpeg\" alt=\"\" loading=\"lazy\" \/>\n\t\t\t\t<\/picture>\n\t\t\t\t<div class=\"spectra-image-gallery__media-thumbnail-blurrer\"><\/div>\n\t\t\t\t\t\t\t\t\t\t\t<div class=\"spectra-image-gallery__media-thumbnail-caption-wrapper spectra-image-gallery__media-thumbnail-caption-wrapper--overlay\"><\/div>\n\t\t\t\t\t\t\t\t<\/div>\n\t\t\t\t\t\t<\/div>\n\t\t\t\t\t\t<div class='spectra-image-gallery__media-wrapper' data-spectra-gallery-image-id='168'>\n\t\t\t\t\t\t\t<div class=\"spectra-image-gallery__media spectra-image-gallery__media--carousel\">\n\t\t\t\t<picture>\n\t\t\t\t\t<source media=\"(min-width: 1024px)\" srcset=\"http:\/\/barbeariaclubrj.com.br\/wp-content\/uploads\/2023\/12\/galeria07-768x1024.jpeg\">\n\t\t\t\t\t<source media=\"(min-width: 768px)\" srcset=\"http:\/\/barbeariaclubrj.com.br\/wp-content\/uploads\/2023\/12\/galeria07-768x1024.jpeg\">\n\t\t\t\t\t<img decoding=\"async\" class=\"spectra-image-gallery__media-thumbnail spectra-image-gallery__media-thumbnail--carousel\" src=\"http:\/\/barbeariaclubrj.com.br\/wp-content\/uploads\/2023\/12\/galeria07.jpeg\" alt=\"\" loading=\"lazy\" \/>\n\t\t\t\t<\/picture>\n\t\t\t\t<div class=\"spectra-image-gallery__media-thumbnail-blurrer\"><\/div>\n\t\t\t\t\t\t\t\t\t\t\t<div class=\"spectra-image-gallery__media-thumbnail-caption-wrapper spectra-image-gallery__media-thumbnail-caption-wrapper--overlay\"><\/div>\n\t\t\t\t\t\t\t\t<\/div>\n\t\t\t\t\t\t<\/div>\n\t\t\t\t\t\t<div class='spectra-image-gallery__media-wrapper' data-spectra-gallery-image-id='169'>\n\t\t\t\t\t\t\t<div class=\"spectra-image-gallery__media spectra-image-gallery__media--carousel\">\n\t\t\t\t<picture>\n\t\t\t\t\t<source media=\"(min-width: 1024px)\" srcset=\"http:\/\/barbeariaclubrj.com.br\/wp-content\/uploads\/2023\/12\/galeria08-819x1024.jpeg\">\n\t\t\t\t\t<source media=\"(min-width: 768px)\" srcset=\"http:\/\/barbeariaclubrj.com.br\/wp-content\/uploads\/2023\/12\/galeria08-819x1024.jpeg\">\n\t\t\t\t\t<img decoding=\"async\" class=\"spectra-image-gallery__media-thumbnail spectra-image-gallery__media-thumbnail--carousel\" src=\"http:\/\/barbeariaclubrj.com.br\/wp-content\/uploads\/2023\/12\/galeria08.jpeg\" alt=\"\" loading=\"lazy\" \/>\n\t\t\t\t<\/picture>\n\t\t\t\t<div class=\"spectra-image-gallery__media-thumbnail-blurrer\"><\/div>\n\t\t\t\t\t\t\t\t\t\t\t<div class=\"spectra-image-gallery__media-thumbnail-caption-wrapper spectra-image-gallery__media-thumbnail-caption-wrapper--overlay\"><\/div>\n\t\t\t\t\t\t\t\t<\/div>\n\t\t\t\t\t\t<\/div>\n\t\t\t\t\t\t\t\t\t\t\t<\/div>\n\t\t\t\t\t\t\t<\/div>\n\t\t\t\t\t\t\t\t\t\t\t<\/div>\n\t\t\t\t\t\t\t\t\t\n\n\n<div class=\"wp-block-uagb-info-box uagb-block-0d7d4a73 uagb-infobox__content-wrap  uagb-infobox-icon-above-title uagb-infobox-image-valign-top\"><div class=\"uagb-ifb-content\"><div class=\"uagb-ifb-title-wrap\"><\/div><div class=\"uagb-ifb-button-wrapper wp-block-button\"><a href=\"https:\/\/www.instagram.com\/barbeariaclubrj\/\" class=\"uagb-infobox-cta-link wp-block-button__link\" target=\"_self\" rel=\"noopener noreferrer\" onclick=\"return true;\" alt=\"\"><span class=\"uagb-inline-editing\">Veja mais<\/span><\/a><\/div><\/div><\/div>\n<\/div>\n\n\n\n<div id=\"sobre\" class=\"wp-block-uagb-container uagb-block-442c3e2c alignfull uagb-is-root-container\">\n<div class=\"wp-block-uagb-container uagb-block-298b4f81\">\n<div class=\"wp-block-uagb-info-box uagb-block-4297b83b uagb-infobox__content-wrap  uagb-infobox-icon-below-title uagb-infobox-image-valign-top\"><div class=\"uagb-ifb-content\"><div class=\"uagb-ifb-title-wrap\"><h3 class=\"uagb-ifb-title\">Sobre n\u00f3s<\/h3><\/div><div class=\"uagb-ifb-image-content\"><img decoding=\"async\" src=\"http:\/\/barbeariaclubrj.com.br\/wp-content\/uploads\/2023\/12\/bigode.png\" alt=\"bigode estilizado para decoracao\" width=\"240\" height=\"21\" loading=\"lazy\"\/><\/div><\/div><\/div>\n\n\n\n<p>Nossas barbearias s\u00e3o espa\u00e7os cuidadosamente projetados para oferecer a combina\u00e7\u00e3o perfeita de tradi\u00e7\u00e3o e modernidade. Desde os tradicionais cortes de barba at\u00e9 os mais modernos estilos de cabelo, nossos experientes barbeiros s\u00e3o verdadeiros artistas, dedicados a proporcionar a voc\u00ea uma experi\u00eancia \u00fanica e personalizada.<\/p>\n\n\n\n<p>Na Barbearia Club, reconhecemos a import\u00e2ncia de cuidar de sua apar\u00eancia regularmente. \u00c9 por isso que oferecemos um servi\u00e7o de assinatura exclusivo, onde voc\u00ea pode desfrutar de cortes de cabelo e barba ilimitados por meio de uma assinatura mensal conveniente. N\u00e3o se preocupe mais com agendamentos \u2013 seja mimado sempre que desejar, sem limita\u00e7\u00f5es!<\/p>\n<\/div>\n\n\n\n<div class=\"wp-block-uagb-container uagb-block-9ee1dbeb\">\n<figure class=\"wp-block-image alignfull size-full\"><img loading=\"lazy\" decoding=\"async\" width=\"624\" height=\"714\" src=\"http:\/\/barbeariaclubrj.com.br\/wp-content\/uploads\/2023\/12\/cadeira.png\" alt=\"Cadeira de barbeiro\" class=\"wp-image-66\" srcset=\"https:\/\/barbeariaclubrj.com.br\/wp-content\/uploads\/2023\/12\/cadeira.png 624w, https:\/\/barbeariaclubrj.com.br\/wp-content\/uploads\/2023\/12\/cadeira-262x300.png 262w\" sizes=\"auto, (max-width: 624px) 100vw, 624px\" \/><\/figure>\n<\/div>\n<\/div>\n\n\n\n<div class=\"wp-block-uagb-info-box uagb-block-4ac86e6c uagb-infobox__content-wrap  uagb-infobox-icon-below-title uagb-infobox-image-valign-top\" id=\"unidades\"><div class=\"uagb-ifb-content\"><div class=\"uagb-ifb-title-wrap\"><h3 class=\"uagb-ifb-title\">Escolha uma de nossas unidades<\/h3><\/div><div class=\"uagb-ifb-image-content\"><img decoding=\"async\" src=\"http:\/\/barbeariaclubrj.com.br\/wp-content\/uploads\/2023\/12\/bigode.png\" alt=\"bigode estilizado para decoracao\" width=\"265\" height=\"24\" loading=\"lazy\"\/><\/div><\/div><\/div>\n\n\n\n<div class=\"wp-block-uagb-container uagb-block-9a79edc5 alignfull uagb-is-root-container\"><div class=\"uagb-container-inner-blocks-wrap\">\n<div class=\"wp-block-uagb-container uagb-block-423070d6\">\n<div class=\"wp-block-uagb-info-box uagb-block-c5f2cff6 uagb-infobox__content-wrap  uagb-infobox-icon-above-title uagb-infobox-image-valign-top\"><div class=\"uagb-ifb-content\"><div class=\"uagb-ifb-title-wrap\"><h1 class=\"uagb-ifb-title\"><a href=\"https:\/\/barbeariaclubrj.com.br\/index.php\/valqueire\/\">Valqueire<\/a><\/h1><\/div><\/div><\/div>\n<\/div>\n\n\n\n<div class=\"wp-block-uagb-container uagb-block-181d00d5\">\n<div class=\"wp-block-uagb-info-box uagb-block-70a806bb uagb-infobox__content-wrap  uagb-infobox-icon-above-title uagb-infobox-image-valign-top\"><div class=\"uagb-ifb-content\"><div class=\"uagb-ifb-title-wrap\"><h1 class=\"uagb-ifb-title\"><a href=\"https:\/\/barbeariaclubrj.com.br\/index.php\/rio-2\/\">Rio 2 shopping<\/a><\/h1><\/div><\/div><\/div>\n<\/div>\n<\/div><\/div>\n\n\n\n<div class=\"wp-block-uagb-container uagb-block-31d83ce9 alignfull uagb-is-root-container\">\n<div class=\"wp-block-uagb-info-box uagb-block-cb4a271f uagb-infobox__content-wrap  uagb-infobox-icon-above-title uagb-infobox-image-valign-top\"><div class=\"uagb-ifb-content\"><div class=\"uagb-ifb-title-wrap\"><h1 class=\"uagb-ifb-title\">Consulte o hor\u00e1rio de funcionamento escolhendo<br>uma de nossas unidades<\/h1><\/div><p class=\"uagb-ifb-desc\">Agende um hor\u00e1rio: 21 99614-2088<\/p><\/div><\/div>\n<\/div>\n","protected":false},"excerpt":{"rendered":"<p>Desperte a sua melhor vers\u00e3o com o exclusivo Clube de Assinatura Mensal, onde a excel\u00eancia no cuidado pessoal encontra a sofistica\u00e7\u00e3o no estilo. Por um pre\u00e7o fixo irresist\u00edvel, voc\u00ea ter\u00e1 acesso a uma experi\u00eancia \u00fanica e ilimitada de cuidados, redefinindo o significado de se sentir impec\u00e1vel. O que est\u00e1 inclu\u00eddo: Cortes de Cabelo Ilimitados: Transforme-se [&hellip;]<\/p>\n","protected":false},"author":1,"featured_media":0,"parent":0,"menu_order":0,"comment_status":"closed","ping_status":"closed","template":"","meta":{"_uag_custom_page_level_css":"","site-sidebar-layout":"default","site-content-layout":"","ast-site-content-layout":"","site-content-style":"default","site-sidebar-style":"default","ast-global-header-display":"","ast-banner-title-visibility":"","ast-main-header-display":"","ast-hfb-above-header-display":"","ast-hfb-below-header-display":"","ast-hfb-mobile-header-display":"","site-post-title":"disabled","ast-breadcrumbs-content":"","ast-featured-img":"","footer-sml-layout":"","theme-transparent-header-meta":"","adv-header-id-meta":"","stick-header-meta":"","header-above-stick-meta":"","header-main-stick-meta":"","header-below-stick-meta":"","astra-migrate-meta-layouts":"","ast-page-background-enabled":"default","ast-page-background-meta":{"desktop":{"background-color":"var(--ast-global-color-4)","background-image":"","background-repeat":"repeat","background-position":"center center","background-size":"auto","background-attachment":"scroll","background-type":"","background-media":"","overlay-type":"","overlay-color":"","overlay-opacity":"","overlay-gradient":""},"tablet":{"background-color":"","background-image":"","background-repeat":"repeat","background-position":"center center","background-size":"auto","background-attachment":"scroll","background-type":"","background-media":"","overlay-type":"","overlay-color":"","overlay-opacity":"","overlay-gradient":""},"mobile":{"background-color":"","background-image":"","background-repeat":"repeat","background-position":"center center","background-size":"auto","background-attachment":"scroll","background-type":"","background-media":"","overlay-type":"","overlay-color":"","overlay-opacity":"","overlay-gradient":""}},"ast-content-background-meta":{"desktop":{"background-color":"var(--ast-global-color-5)","background-image":"","background-repeat":"repeat","background-position":"center center","background-size":"auto","background-attachment":"scroll","background-type":"","background-media":"","overlay-type":"","overlay-color":"","overlay-opacity":"","overlay-gradient":""},"tablet":{"background-color":"var(--ast-global-color-5)","background-image":"","background-repeat":"repeat","background-position":"center center","background-size":"auto","background-attachment":"scroll","background-type":"","background-media":"","overlay-type":"","overlay-color":"","overlay-opacity":"","overlay-gradient":""},"mobile":{"background-color":"var(--ast-global-color-5)","background-image":"","background-repeat":"repeat","background-position":"center center","background-size":"auto","background-attachment":"scroll","background-type":"","background-media":"","overlay-type":"","overlay-color":"","overlay-opacity":"","overlay-gradient":""}},"_joinchat":[],"footnotes":""},"class_list":["post-7","page","type-page","status-publish","hentry"],"uagb_featured_image_src":{"full":false,"thumbnail":false,"medium":false,"medium_large":false,"large":false,"1536x1536":false,"2048x2048":false},"uagb_author_info":{"display_name":"barbeariaclubrj.com.br","author_link":"https:\/\/barbeariaclubrj.com.br\/index.php\/author\/barbeariaclubrj-com-br\/"},"uagb_comment_info":0,"uagb_excerpt":"Desperte a sua melhor vers\u00e3o com o exclusivo Clube de Assinatura Mensal, onde a excel\u00eancia no cuidado pessoal encontra a sofistica\u00e7\u00e3o no estilo. Por um pre\u00e7o fixo irresist\u00edvel, voc\u00ea ter\u00e1 acesso a uma experi\u00eancia \u00fanica e ilimitada de cuidados, redefinindo o significado de se sentir impec\u00e1vel. O que est\u00e1 inclu\u00eddo: Cortes de Cabelo Ilimitados: Transforme-se&hellip;","_links":{"self":[{"href":"https:\/\/barbeariaclubrj.com.br\/index.php\/wp-json\/wp\/v2\/pages\/7","targetHints":{"allow":["GET"]}}],"collection":[{"href":"https:\/\/barbeariaclubrj.com.br\/index.php\/wp-json\/wp\/v2\/pages"}],"about":[{"href":"https:\/\/barbeariaclubrj.com.br\/index.php\/wp-json\/wp\/v2\/types\/page"}],"author":[{"embeddable":true,"href":"https:\/\/barbeariaclubrj.com.br\/index.php\/wp-json\/wp\/v2\/users\/1"}],"replies":[{"embeddable":true,"href":"https:\/\/barbeariaclubrj.com.br\/index.php\/wp-json\/wp\/v2\/comments?post=7"}],"version-history":[{"count":120,"href":"https:\/\/barbeariaclubrj.com.br\/index.php\/wp-json\/wp\/v2\/pages\/7\/revisions"}],"predecessor-version":[{"id":400,"href":"https:\/\/barbeariaclubrj.com.br\/index.php\/wp-json\/wp\/v2\/pages\/7\/revisions\/400"}],"wp:attachment":[{"href":"https:\/\/barbeariaclubrj.com.br\/index.php\/wp-json\/wp\/v2\/media?parent=7"}],"curies":[{"name":"wp","href":"https:\/\/api.w.org\/{rel}","templated":true}]}}